{"id":8,"date":"2015-12-05T18:19:48","date_gmt":"2015-12-05T18:19:48","guid":{"rendered":"http:\/\/kreativkraftpreis.de\/wordpress\/?page_id=8"},"modified":"2017-09-25T14:58:47","modified_gmt":"2017-09-25T14:58:47","slug":"die-jury","status":"publish","type":"page","link":"https:\/\/kreativkraftpreis.de\/wordpress\/die-jury\/","title":{"rendered":"Die Jury"},"content":{"rendered":"<p>Alle Nominierten werden nach Abschluss der Nominierungsphase (ab dem 22.09.2017) von einer alters\u00fcbergreifenden M\u00fclheimer Jury aus Kultur, Medien und Wirtschaft begutachtet und von jedem Jurymitglied individuell bewertet. Durch ein transparentes Punktesystem haben alle Nominierten die gleiche Chance auf die Auszeichnung mit dem <strong>KREATIVKRAFTPREIS<\/strong>. Die Jurymitglieder, welche \u00fcber die Preistr\u00e4ger entscheiden, werden wie die Nominierten im Verlauf der Nominierungsphase \u00f6ffentlich bekanntgegeben. Neben den Kreativkraft-Mitgliedern wird der \u00fcberwiegende Teil der Jury aus externen M\u00fclheimer Personen bestehen, die \u00fcber die Vergabe des Preises bestimmen.<\/p>\n<p>Die acht Preistr\u00e4ger werden bis zur Verleihung am 21. Oktober 2017 unter strengem Verschluss geheim gehalten.<\/p>\n<div id=\"attachment_315\" style=\"width: 310px\" class=\"wp-caption alignnone\"><a href=\"http:\/\/kreativkraftpreis.de\/wordpress\/wp-content\/uploads\/2015\/12\/Jury-2017.jpg\"><img loading=\"lazy\" decoding=\"async\" aria-describedby=\"caption-attachment-315\" class=\"size-medium wp-image-315\" src=\"http:\/\/kreativkraftpreis.de\/wordpress\/wp-content\/uploads\/2015\/12\/Jury-2017-300x225.jpg\" alt=\"Die KREATIVKRAFTPREIS-Jury 2017\" width=\"300\" height=\"225\" srcset=\"https:\/\/kreativkraftpreis.de\/wordpress\/wp-content\/uploads\/2015\/12\/Jury-2017-300x225.jpg 300w, https:\/\/kreativkraftpreis.de\/wordpress\/wp-content\/uploads\/2015\/12\/Jury-2017-768x576.jpg 768w, https:\/\/kreativkraftpreis.de\/wordpress\/wp-content\/uploads\/2015\/12\/Jury-2017-1024x768.jpg 1024w, https:\/\/kreativkraftpreis.de\/wordpress\/wp-content\/uploads\/2015\/12\/Jury-2017.jpg 1280w\" sizes=\"auto, (max-width: 300px) 100vw, 300px\" \/><\/a><p id=\"caption-attachment-315\" class=\"wp-caption-text\">Die KREATIVKRAFTPREIS-Jury 2017<\/p><\/div>\n<p><strong>Die KREATIVKRAFTPREIS-Jury 2017:<br \/>\n<\/strong>Margit Schettler<strong>, <\/strong>Thomas Michael Wessel, Prof. Heiner Schmitz, Constantin K\u00f6rner, Steffen Tost, Ann-Kathrin Allekotte, Francesca Lo Vasco, J\u00fcrgen Schardt, Andreas Schmelzer, Maximilian Bischoff und Hermann Rokitta.<\/p>\n<h3><strong>Dieses Projekt, die Idee, das Produkt und diese Pers\u00f6nlichkeit besitzt KREATIVKRAFT f\u00fcr \u201eMensch und M\u00fclheim\u201c.<\/strong><strong><br \/>\n<\/strong><strong><br \/>\n<\/strong><strong><u>\u00dcbergreifende Beurteilungsparameter:<\/u><\/strong><strong><br \/>\n<\/strong><\/h3>\n<p>&nbsp;<\/p>\n<p><strong>Erweiterung von Stadtbewusstsein und Identit\u00e4t:<br \/>\n<\/strong>Pr\u00e4gt es das Charisma, den Charakter und die Marke unserer Stadt? F\u00f6rdert es die Identit\u00e4t, das Ansehen M\u00fclheims und hat es positive Strahlkraft, \u00dcbertragungs- und Verbreitungseffekte?<\/p>\n<p><strong>Soziale Bereicherung:<br \/>\n<\/strong>Ist es gesellschaftszusammenf\u00fchrend, hat es soziale Wirkung, ist es intergenerativ, jugendf\u00f6rdernd, schafft es gutes soziales Klima, Integration und Kommunikation, dient es der kulturellen Zusammenf\u00fchrung, beinhaltet es interreligi\u00f6se Effekte, schafft es sozialen Ausgleich, schafft es sozial gerechte Arbeitsbedingungen und sozialvertr\u00e4gliche Produktionsweisen? Bietet es alters-, kind- und jugendgerechte Faktoren und beg\u00fcnstigt es die Bew\u00e4ltigung des Familienalltags und Impliziert es ein Wir-Stadtgef\u00fchl?<\/p>\n<p><strong>Kultureller Gewinn:<br \/>\n<\/strong>Bereichert und erweitert es die Stadtkultur, inszeniert es neue Lebensentw\u00fcrfe, motiviert es so zu neuen Gesellschaftsmodellen, Verst\u00e4ndnis und Bewusstsein? Erzeugt es Wirkkraft, Interaktion und Reaktion? Projiziert es Anregungen f\u00fcr neue Reflektionen gesellschaftlichen Miteinanders? Schafft es Unterhaltung, Lebendigkeit, Interaktion, integrativen Dialog und kulturellen Austausch?<br \/>\n<strong><br \/>\n<\/strong><strong>Gesteigerter Emotionswert:<br \/>\n<\/strong>Begeistert es mich? L\u00e4sst es mein Herz h\u00f6herschlagen? Steigert es Qualit\u00e4t, Leistung, Lebens- und Erlebniswert f\u00fcr Stadt, Mensch, Familie, Kind, Jugend? Bereichert und erweitert es das Stadterlebnis in Kommunikation, Individualit\u00e4t und Identit\u00e4t?<\/p>\n<p><strong>\u00d6kologische Vertr\u00e4glichkeit \/ Unterst\u00fctzung:<br \/>\n<\/strong>Ber\u00fccksichtigt es Energiebewusstsein im schonenden Umgang mit Ressourcen f\u00fcr Energiebedarf in Herstellung, Verpackung, in Gebrauch? Hat es eine energieschonende Darbietung, Minderung von CO2-Emissionen, F\u00f6rderung der Bio-Diversit\u00e4t und hat es einen \u00f6kologischen Fu\u00dfabdruck? Ist es eine regionale Produktion und hat geringe Transportwege?<\/p>\n<p><strong>Durabilit\u00e4t und Nachhaltigkeit:<\/strong><br \/>\nStehen Material, Material-, Energieaufwand und Produktion in einem angemessenen Verh\u00e4ltnis zum angestrebten Zweck? Verf\u00fcgt es \u00fcber Dauerhaftigkeit, Durabilit\u00e4t und Ersatzteile? Ist es reparabel? Bezieht es nachwachsende und recycelte Rohstoffe? Verwender es ressourcenschonende Technologien, Materialr\u00fcckf\u00fchrung und ist es zerlegbar und recyclebar?<\/p>\n<p><strong>Pr\u00e4gung Alleinstellungsmerkma<\/strong>l:<br \/>\nIst es einzigartig und unvergleichbar? Was ist der USP? Ist es eine alleinige kreative Sch\u00f6pfung und kein Nachahmerprodukt? Wie ist die H\u00f6he des Interpretationsgrades und besitzt es Pr\u00e4gnanz, Imagination, Symbolgehalt, Selbstverst\u00e4ndnis und Funktionstransparenz? Hat es eine individuelle Ausrichtung, eine pers\u00f6nliche Note, eine einzigartige Wirkung, au\u00dfergew\u00f6hnliche Dramaturgie und Performance?<strong>\u00a0<\/strong><\/p>\n<p><strong>Wirtschaftsbelebung:<br \/>\n<\/strong>Ist es wirtschaftlich impulsgebend, schafft es neue Anreize und eine Interpretation im Gesamterlebnis? Erzeugt es Anziehungskraft und Wettbewerb in der Wirtschaft, dem innerst\u00e4dtischen Einzelhandel und der Gastronomie? Erweitert es den Marktwert M\u00fclheims, f\u00f6rdert es die Identit\u00e4t der Stadt? Steigert es den Imaginationswert und impliziert es die emotionale Wirkung regionaler Produktion, lokaler Leistung und exklusiv individuelle Ausrichtung?<\/p>\n<p><strong>Gestalterische Qualit\u00e4t:<br \/>\n<\/strong>Logik gestalterischer Aufbau und formale Ausarbeitung? Formale Aussage gegen\u00fcber der Funktion, Spezifikation, Produktrange und Marke? Konsequente \u00e4sthetische Umsetzung, in Dramaturgie und Professionalit\u00e4t. Erzeugt es sinnliche, poetische Qualit\u00e4ten in Haptik, Beschaffenheit, Materialit\u00e4t. Faszination, Imagination &#8211; und Erlebnis? Durchg\u00e4ngigkeit und Glaubw\u00fcrdigkeit in Erlebnistiefe und Wahrnehmung, zeitgem\u00e4\u00df und trendorientiert?<\/p>\n<p><strong>\u00dcberraschend innovativ:<br \/>\n<\/strong>Basiert die Gestaltung auf v\u00f6llig neuartigen Ideen, ist der Sinngehalt selbstverst\u00e4ndlich kommunikativ? Ist es gelungene Wertsch\u00f6pfung von Inhalt Produkt und Leistung, Gestaltung und Funktionalit\u00e4t? \u2013 Imaginationswert \u2013Sinngehalt, hat es Witz und Zukunft, transportiert es au\u00dfergew\u00f6hnliche Technologien oder Affinit\u00e4ten? Projiziert es neue Wirklichkeiten im Verst\u00e4ndnis Produkt, Nutzen und Mensch?<\/p>\n<p><strong>Musik:<br \/>\n<\/strong>Hat der K\u00fcnstler oder die Produktion eine \u00fcberregionale Bedeutung? Gibt es Innovationen und Neuerungen in Genre, Komposition, Textdichtung oder Arrangement (Melodie, Harmonie, Taktart, Beat, Tempo, etc.)? Ist die Musik eing\u00e4ngig und oder anspruchsvoll? Wird der gesamte Musikmarkt bedient (360-Grad-Modell \/ Studioaufnahmen, Live-Konzerte, Merchandise, etc.) oder beschr\u00e4nkt sich der K\u00fcnstler auf einen Teilmarkt? Gibt es ein Alleinstellungsmerkmal und wo ist es zu finden? Steht der K\u00fcnstler oder die Musik im Vordergrund?\u00a0 \u00dcberzeugt das Gesamtkonzept und wie ist das Erfolgspotential?<\/p>\n","protected":false},"excerpt":{"rendered":"<p>Alle Nominierten werden nach Abschluss der Nominierungsphase (ab dem 22.09.2017) von einer alters\u00fcbergreifenden M\u00fclheimer Jury aus Kultur, Medien und Wirtschaft begutachtet und von jedem Jurymitglied individuell bewertet. Durch ein transparentes Punktesystem haben alle Nominierten die gleiche Chance auf die Auszeichnung mit dem KREATIVKRAFTPREIS. Die Jurymitglieder, welche \u00fcber die Preistr\u00e4ger entscheiden, werden wie die Nominierten im [&hellip;]<\/p>\n","protected":false},"author":1,"featured_media":0,"parent":0,"menu_order":13,"comment_status":"closed","ping_status":"closed","template":"page-full-width.php","meta":{"footnotes":""},"class_list":["post-8","page","type-page","status-publish","hentry"],"_links":{"self":[{"href":"https:\/\/kreativkraftpreis.de\/wordpress\/wp-json\/wp\/v2\/pages\/8","targetHints":{"allow":["GET"]}}],"collection":[{"href":"https:\/\/kreativkraftpreis.de\/wordpress\/wp-json\/wp\/v2\/pages"}],"about":[{"href":"https:\/\/kreativkraftpreis.de\/wordpress\/wp-json\/wp\/v2\/types\/page"}],"author":[{"embeddable":true,"href":"https:\/\/kreativkraftpreis.de\/wordpress\/wp-json\/wp\/v2\/users\/1"}],"replies":[{"embeddable":true,"href":"https:\/\/kreativkraftpreis.de\/wordpress\/wp-json\/wp\/v2\/comments?post=8"}],"version-history":[{"count":14,"href":"https:\/\/kreativkraftpreis.de\/wordpress\/wp-json\/wp\/v2\/pages\/8\/revisions"}],"predecessor-version":[{"id":330,"href":"https:\/\/kreativkraftpreis.de\/wordpress\/wp-json\/wp\/v2\/pages\/8\/revisions\/330"}],"wp:attachment":[{"href":"https:\/\/kreativkraftpreis.de\/wordpress\/wp-json\/wp\/v2\/media?parent=8"}],"curies":[{"name":"wp","href":"https:\/\/api.w.org\/{rel}","templated":true}]}}