{"id":6,"date":"2015-12-05T18:19:33","date_gmt":"2015-12-05T18:19:33","guid":{"rendered":"http:\/\/kreativkraftpreis.de\/wordpress\/?page_id=6"},"modified":"2017-10-09T10:11:40","modified_gmt":"2017-10-09T10:11:40","slug":"die-kategorien","status":"publish","type":"page","link":"https:\/\/kreativkraftpreis.de\/wordpress\/die-kategorien\/","title":{"rendered":"Die Kategorien"},"content":{"rendered":"<p><strong>Der Leistungsvergleich im Wettbewerb erfolgt in sieben Kategorien und in einer Sonderverleihung<\/strong>, die eine hinreichend differenzierte Einteilung und Zuordnung der Arbeiten, Personen und Projekte m\u00f6glich machen und gleichzeitig die gew\u00fcnschte \u00dcbersichtlichkeit f\u00fcr die Jury gew\u00e4hrleisten.<\/p>\n<div id=\"attachment_84\" style=\"width: 310px\" class=\"wp-caption alignnone\"><a href=\"http:\/\/kreativkraftpreis.de\/wordpress\/wp-content\/uploads\/2015\/12\/2015_12_15_Kreativkraftpreis-20_k.jpg\" rel=\"attachment wp-att-84\"><img loading=\"lazy\" decoding=\"async\" aria-describedby=\"caption-attachment-84\" class=\"size-medium wp-image-84\" src=\"http:\/\/kreativkraftpreis.de\/wordpress\/wp-content\/uploads\/2015\/12\/2015_12_15_Kreativkraftpreis-20_k-300x199.jpg\" alt=\"KREATIVKRAFTPREIS Foto: Thorben Stange\" width=\"300\" height=\"199\" srcset=\"https:\/\/kreativkraftpreis.de\/wordpress\/wp-content\/uploads\/2015\/12\/2015_12_15_Kreativkraftpreis-20_k-300x199.jpg 300w, https:\/\/kreativkraftpreis.de\/wordpress\/wp-content\/uploads\/2015\/12\/2015_12_15_Kreativkraftpreis-20_k-768x509.jpg 768w, https:\/\/kreativkraftpreis.de\/wordpress\/wp-content\/uploads\/2015\/12\/2015_12_15_Kreativkraftpreis-20_k-1024x679.jpg 1024w, https:\/\/kreativkraftpreis.de\/wordpress\/wp-content\/uploads\/2015\/12\/2015_12_15_Kreativkraftpreis-20_k.jpg 1948w\" sizes=\"auto, (max-width: 300px) 100vw, 300px\" \/><\/a><p id=\"caption-attachment-84\" class=\"wp-caption-text\">KREATIVKRAFTPREIS<br \/>Foto: Thorben Stange<\/p><\/div>\n<p>&nbsp;<\/p>\n<h3><strong>Der KREATIVKRAFTPREIS wird 2017 in folgenden Kategorien verliehen:<\/strong><\/h3>\n<p>&nbsp;<\/p>\n<p><strong>K1 &#8211; Soziokulturelles Erlebnis: <\/strong>F\u00fcr besonderes Engagement und wertvolle Beitr\u00e4ge in Bildung, Sport, Medien, Forschung, Klimaschutz, Integration, Medizin, Pflege und Betreuung.<\/p>\n<p><strong>K2 &#8211; Beeindruckende Events und Performances: <\/strong>F\u00fcr emotionale Umsetzungen und mitrei\u00dfende Angebote von Veranstaltungen, Spielen, Lyrik und Poesie, Theater und Filmen.<\/p>\n<p><strong>K3 &#8211; Sinnvolle Produkte und Leistungen: <\/strong>F\u00fcr Neuerungen, Kreativit\u00e4t und Nachhaltigkeit im Handel und Handwerk, bei Dienstleistungen und\u00a0 Marken-, Produkt- oder Konsumideen.<\/p>\n<p><strong>K4 &#8211; Genuss und Ern\u00e4hrung: <\/strong>F\u00fcr erlebnisbetonten Genuss, kreative Ern\u00e4hrung, regionale Erzeugnisse, ausgezeichnete Qualit\u00e4t im Service und au\u00dfergew\u00f6hnliches gastronomisches Personal, einfach \u00fcberzeugend zum Reinbei\u00dfen.<\/p>\n<p><strong>K5 &#8211; Meine Stadt und mein Erlebnis: <\/strong>F\u00fcr kreative \u00d6ffentlichkeitsarbeit, urban Gardening und k\u00fcnstlerischen Landschaftsbau, Industriekultur, originelle Architektur und innovative St\u00e4dteplanung.<\/p>\n<p><strong>K6 &#8211; Kunst und Kreativschaffende: <\/strong>Schaffen und Sch\u00f6pfen von neuartigen Ideen und einzigartigen Techniken, als bedeutende k\u00fcnstlerische Innovationen und Konzeptionen im Kultursektor.<\/p>\n<p><strong>K7 &#8211; Lebens- und \u00dcberlebensk\u00fcnstler: <\/strong>F\u00fcr eine au\u00dferordentlich ideenreiche, kreative und engagierte Person oder Gruppe und deren Sinn- und Lebenswerk.<\/p>\n<p><strong>M\u00f6lmsch Music Hero: <\/strong>F\u00fcr herausragende und au\u00dfergew\u00f6hnliche \u201em\u00f6lmsche\u201c Musik oder \u201em\u00f6lmsche\u201c Werke und Leistungen aus dem Bereich Musik.<\/p>\n<div id=\"attachment_342\" style=\"width: 223px\" class=\"wp-caption alignnone\"><a href=\"http:\/\/kreativkraftpreis.de\/wordpress\/wp-content\/uploads\/2015\/12\/M\u00f6lmsch_DRUCK2_klein.jpg\"><img loading=\"lazy\" decoding=\"async\" aria-describedby=\"caption-attachment-342\" class=\"wp-image-342 size-medium\" src=\"http:\/\/kreativkraftpreis.de\/wordpress\/wp-content\/uploads\/2015\/12\/M\u00f6lmsch_DRUCK2_klein-213x300.jpg\" alt=\"M\u00f6lmsch Music Hero\" width=\"213\" height=\"300\" srcset=\"https:\/\/kreativkraftpreis.de\/wordpress\/wp-content\/uploads\/2015\/12\/M\u00f6lmsch_DRUCK2_klein-213x300.jpg 213w, https:\/\/kreativkraftpreis.de\/wordpress\/wp-content\/uploads\/2015\/12\/M\u00f6lmsch_DRUCK2_klein.jpg 500w\" sizes=\"auto, (max-width: 213px) 100vw, 213px\" \/><\/a><p id=\"caption-attachment-342\" class=\"wp-caption-text\">M\u00d6LMSCH MUSIC HERO<\/p><\/div>\n","protected":false},"excerpt":{"rendered":"<p>Der Leistungsvergleich im Wettbewerb erfolgt in sieben Kategorien und in einer Sonderverleihung, die eine hinreichend differenzierte Einteilung und Zuordnung der Arbeiten, Personen und Projekte m\u00f6glich machen und gleichzeitig die gew\u00fcnschte \u00dcbersichtlichkeit f\u00fcr die Jury gew\u00e4hrleisten. &nbsp; Der KREATIVKRAFTPREIS wird 2017 in folgenden Kategorien verliehen: &nbsp; K1 &#8211; Soziokulturelles Erlebnis: F\u00fcr besonderes Engagement und wertvolle Beitr\u00e4ge [&hellip;]<\/p>\n","protected":false},"author":1,"featured_media":0,"parent":0,"menu_order":11,"comment_status":"closed","ping_status":"closed","template":"page-full-width.php","meta":{"footnotes":""},"class_list":["post-6","page","type-page","status-publish","hentry"],"_links":{"self":[{"href":"https:\/\/kreativkraftpreis.de\/wordpress\/wp-json\/wp\/v2\/pages\/6","targetHints":{"allow":["GET"]}}],"collection":[{"href":"https:\/\/kreativkraftpreis.de\/wordpress\/wp-json\/wp\/v2\/pages"}],"about":[{"href":"https:\/\/kreativkraftpreis.de\/wordpress\/wp-json\/wp\/v2\/types\/page"}],"author":[{"embeddable":true,"href":"https:\/\/kreativkraftpreis.de\/wordpress\/wp-json\/wp\/v2\/users\/1"}],"replies":[{"embeddable":true,"href":"https:\/\/kreativkraftpreis.de\/wordpress\/wp-json\/wp\/v2\/comments?post=6"}],"version-history":[{"count":28,"href":"https:\/\/kreativkraftpreis.de\/wordpress\/wp-json\/wp\/v2\/pages\/6\/revisions"}],"predecessor-version":[{"id":344,"href":"https:\/\/kreativkraftpreis.de\/wordpress\/wp-json\/wp\/v2\/pages\/6\/revisions\/344"}],"wp:attachment":[{"href":"https:\/\/kreativkraftpreis.de\/wordpress\/wp-json\/wp\/v2\/media?parent=6"}],"curies":[{"name":"wp","href":"https:\/\/api.w.org\/{rel}","templated":true}]}}