{"id":4,"date":"2015-12-05T18:19:11","date_gmt":"2015-12-05T18:19:11","guid":{"rendered":"http:\/\/kreativkraftpreis.de\/wordpress\/?page_id=4"},"modified":"2017-10-04T21:09:14","modified_gmt":"2017-10-04T21:09:14","slug":"der-preis","status":"publish","type":"page","link":"https:\/\/kreativkraftpreis.de\/wordpress\/der-preis\/","title":{"rendered":"Der Preis"},"content":{"rendered":"<h3><strong>Wir\u00a0nominieren\u00a0und\u00a0pr\u00e4mieren die Akteure und Innovationen unserer Stadt!\u00a0<\/strong><\/h3>\n<p>&nbsp;<\/p>\n<p><strong>Der KREATIVKRAFTPREIS<\/strong> ist eine Genre- und Gewerbe\u00fcbergreifende Auszeichnung. Ein von uns entwickeltes,\u00a0selbstfinanziertes Konzep und Format, unabh\u00e4ngig von Politik und Wirtschaft.<\/p>\n<p><strong>Der KREATIVKRAFTPREIS<\/strong> ist ein Instrument, um hervorragende Innovationen und Akteure der Stadt M\u00fclheim aufzusp\u00fcren, sie zu publizieren und ins Stadtbewusstsein zu bef\u00f6rdern.<\/p>\n<p><strong>Der KREATIVKRAFTPREIS<\/strong> dient zur Wahrnehmung, als Anreiz und zur sensiblen Steuerung regionaler, innovativer und virtuoser Leistungen und Produkte, zur Unterst\u00fctzung und Entwicklung der Stadt M\u00fclheims in Richtung Mensch, Erlebnis und Lokalit\u00e4t.<\/p>\n<p><strong>Der bewusst \u00f6ffentliche Prozess<\/strong> der Nominierungen, Jury und Auslobung soll Leistungen, Ideen und Menschen unterschiedlichster Lifestyle-, Wirtschafts-, und Gesellschaftsmilieus zusammenf\u00fchren, eine stadtbewusstseinsf\u00f6rdernde und erweiternde Wirkung entfachen.<\/p>\n<p><strong>Der KREATIVKRAFTPREIS<\/strong> wird alle vier Jahre mit einem feierlichen Event lokaler Akteure im M\u00fclheimer Ringlokschuppen Ruhr ausgelobt.<\/p>\n<p><strong><u>KREATIVKRAFTPREIS<\/u><\/strong><br \/>\n<strong>Es braucht Menschen, ihre Kreativit\u00e4t und Kraft, um der Pers\u00f6nlichkeit einer Stadt Sinn zu geben und<\/strong><strong> das Individuum mit der Identit\u00e4t M\u00fclheims, aus dem Herzen heraus \u00fcberzeugend (und nachhaltig) zu pr\u00e4gen.<\/strong><strong><br \/>\n<\/strong><\/p>\n<div id=\"attachment_68\" style=\"width: 310px\" class=\"wp-caption alignnone\"><a href=\"http:\/\/kreativkraftpreis.de\/wordpress\/wp-content\/uploads\/2015\/12\/2015_12_15_Kreativkraftpreis-4_k.jpg\"><img loading=\"lazy\" decoding=\"async\" aria-describedby=\"caption-attachment-68\" class=\"size-medium wp-image-68\" src=\"http:\/\/kreativkraftpreis.de\/wordpress\/wp-content\/uploads\/2015\/12\/2015_12_15_Kreativkraftpreis-4_k-300x199.jpg\" alt=\"KREATIVKRAFTPREIS Foto: Thorben Stange\" width=\"300\" height=\"199\" srcset=\"https:\/\/kreativkraftpreis.de\/wordpress\/wp-content\/uploads\/2015\/12\/2015_12_15_Kreativkraftpreis-4_k-300x199.jpg 300w, https:\/\/kreativkraftpreis.de\/wordpress\/wp-content\/uploads\/2015\/12\/2015_12_15_Kreativkraftpreis-4_k-768x509.jpg 768w, https:\/\/kreativkraftpreis.de\/wordpress\/wp-content\/uploads\/2015\/12\/2015_12_15_Kreativkraftpreis-4_k-1024x678.jpg 1024w\" sizes=\"auto, (max-width: 300px) 100vw, 300px\" \/><\/a><p id=\"caption-attachment-68\" class=\"wp-caption-text\">KREATIVKRAFTPREIS<br \/>Foto: Thorben Stange<\/p><\/div>\n<p>M\u00fclheim an der Ruhr ist eine Stadt, die sich immer durch Kreativit\u00e4t, Schaffenskraft und Neuerung mit Gr\u00f6\u00dfen wie Stinnes, Thyssen, Tengelmann und Metro ausgezeichnet hat, um nur einige zu nennen.<\/p>\n<p><strong>M\u00fclheim liegt mitten im Ruhrgebiet.<\/strong> Einer Region, in der man nicht zuletzt erfinderisch sein musste, um den Strukturwandel von der Montan- zur modernen Dienstleistungsindustrie gew\u00e4hrleisten zu k\u00f6nnen. Die zunehmende Ver\u00f6dung der Innenstadt durch den expandieren Onlinehandel und ausgelagerte Outletcenter, Shop\u00adpingmalls und \u00fcberdimensionierte Einkaufzentren pr\u00e4gen die neue Herausforderung f\u00fcr M\u00fclheims Innenstadt und viele andere Ruhrgebietsst\u00e4dte.<\/p>\n<p><strong>Ebendies aber birgt auch neue Chancen,<\/strong> erweckt neue Potenziale und kann eine Vielfalt an Innovationen und neuen Ideen hervorbringen. Exklusive Lokale und regionale Angebote, kleine innovative Manufakturen, Boutiquen, Galerien und erlebnisbetonte Gastronomien erschlie\u00dfen langsam die Innenst\u00e4dte und sorgen f\u00fcr die Entwicklung einer neuen Identit\u00e4t und eines individuellen Stadterlebnisses. Doch das bedarf unserer Unterst\u00fctzung.<\/p>\n<p><strong>Der Wettbewerb, <\/strong>nicht nur im Gro\u00dfen sondern auch im Kleinen. Viele Produkte, Leistungen, K\u00fcnstler und Akteure sind noch immer nur ihrem engeren Umfeld bekannt und bleiben der \u00d6ffentlichkeit verborgen. Das soll sich nun \u00e4ndern. Unser Wettbewerb fokussiert sich auf alle kreativ Wirkenden, die mit ihrer Arbeit eine aktive und gestaltende Rolle bei der Schaffung einer neuen Stadtkultur einnehmen.<\/p>\n<p>Der <strong>KREATIVKRAFTPREIS<\/strong> wird 2017 zum zweiten Mal an besonders kreative M\u00fclheimer Produkte, Leistungen, K\u00fcnstler und Akteure verliehen. Nach 2013 wird der innerst\u00e4dtische Preis erneut von einer Gruppe M\u00fclheimer Kreativschaffender in teils neuer Ausrichtung vergeben. Die Preisverleihung wird am <strong>21. Oktober 2017<\/strong> <strong>im Ringlokschuppen in M\u00fclheim an der Ruhr<\/strong> stattfinden.<\/p>\n<p>&nbsp;<\/p>\n<div id=\"attachment_81\" style=\"width: 310px\" class=\"wp-caption alignnone\"><a href=\"http:\/\/kreativkraftpreis.de\/wordpress\/wp-content\/uploads\/2015\/12\/2015_12_15_Kreativkraftpreis-17_k.jpg\" rel=\"attachment wp-att-81\"><img loading=\"lazy\" decoding=\"async\" aria-describedby=\"caption-attachment-81\" class=\"size-medium wp-image-81\" src=\"http:\/\/kreativkraftpreis.de\/wordpress\/wp-content\/uploads\/2015\/12\/2015_12_15_Kreativkraftpreis-17_k-300x199.jpg\" alt=\"KREATIVKRAFTPREIS Foto: Thorben Stange\" width=\"300\" height=\"199\" srcset=\"https:\/\/kreativkraftpreis.de\/wordpress\/wp-content\/uploads\/2015\/12\/2015_12_15_Kreativkraftpreis-17_k-300x199.jpg 300w, https:\/\/kreativkraftpreis.de\/wordpress\/wp-content\/uploads\/2015\/12\/2015_12_15_Kreativkraftpreis-17_k-768x509.jpg 768w, https:\/\/kreativkraftpreis.de\/wordpress\/wp-content\/uploads\/2015\/12\/2015_12_15_Kreativkraftpreis-17_k-1024x678.jpg 1024w\" sizes=\"auto, (max-width: 300px) 100vw, 300px\" \/><\/a><p id=\"caption-attachment-81\" class=\"wp-caption-text\">KREATIVKRAFTPREIS in der M\u00fcGa<br \/>Foto: Thorben Stange<\/p><\/div>\n","protected":false},"excerpt":{"rendered":"<p>Wir\u00a0nominieren\u00a0und\u00a0pr\u00e4mieren die Akteure und Innovationen unserer Stadt!\u00a0 &nbsp; Der KREATIVKRAFTPREIS ist eine Genre- und Gewerbe\u00fcbergreifende Auszeichnung. Ein von uns entwickeltes,\u00a0selbstfinanziertes Konzep und Format, unabh\u00e4ngig von Politik und Wirtschaft. Der KREATIVKRAFTPREIS ist ein Instrument, um hervorragende Innovationen und Akteure der Stadt M\u00fclheim aufzusp\u00fcren, sie zu publizieren und ins Stadtbewusstsein zu bef\u00f6rdern. Der KREATIVKRAFTPREIS dient zur Wahrnehmung, [&hellip;]<\/p>\n","protected":false},"author":1,"featured_media":0,"parent":0,"menu_order":10,"comment_status":"closed","ping_status":"closed","template":"page-full-width.php","meta":{"footnotes":""},"class_list":["post-4","page","type-page","status-publish","hentry"],"_links":{"self":[{"href":"https:\/\/kreativkraftpreis.de\/wordpress\/wp-json\/wp\/v2\/pages\/4","targetHints":{"allow":["GET"]}}],"collection":[{"href":"https:\/\/kreativkraftpreis.de\/wordpress\/wp-json\/wp\/v2\/pages"}],"about":[{"href":"https:\/\/kreativkraftpreis.de\/wordpress\/wp-json\/wp\/v2\/types\/page"}],"author":[{"embeddable":true,"href":"https:\/\/kreativkraftpreis.de\/wordpress\/wp-json\/wp\/v2\/users\/1"}],"replies":[{"embeddable":true,"href":"https:\/\/kreativkraftpreis.de\/wordpress\/wp-json\/wp\/v2\/comments?post=4"}],"version-history":[{"count":16,"href":"https:\/\/kreativkraftpreis.de\/wordpress\/wp-json\/wp\/v2\/pages\/4\/revisions"}],"predecessor-version":[{"id":338,"href":"https:\/\/kreativkraftpreis.de\/wordpress\/wp-json\/wp\/v2\/pages\/4\/revisions\/338"}],"wp:attachment":[{"href":"https:\/\/kreativkraftpreis.de\/wordpress\/wp-json\/wp\/v2\/media?parent=4"}],"curies":[{"name":"wp","href":"https:\/\/api.w.org\/{rel}","templated":true}]}}