{"id":12,"date":"2017-10-16T18:20:46","date_gmt":"2017-10-16T18:20:46","guid":{"rendered":"http:\/\/kreativkraftpreis.de\/wordpress\/?page_id=12"},"modified":"2017-10-27T10:38:07","modified_gmt":"2017-10-27T10:38:07","slug":"die-verleihung","status":"publish","type":"page","link":"https:\/\/kreativkraftpreis.de\/wordpress\/die-verleihung\/","title":{"rendered":"Die Verleihung"},"content":{"rendered":"<p><a href=\"http:\/\/kreativkraftpreis.de\/wordpress\/wp-content\/uploads\/2015\/12\/Facebook_Event_Titelbild_Kreativkraftpreis-Verleihung_V04.jpg\"><img loading=\"lazy\" decoding=\"async\" class=\"alignnone size-medium wp-image-296\" src=\"http:\/\/kreativkraftpreis.de\/wordpress\/wp-content\/uploads\/2015\/12\/Facebook_Event_Titelbild_Kreativkraftpreis-Verleihung_V04-300x157.jpg\" alt=\"KREATIVKRAFTPREIS 2017 Verleihung im Ringlokschuppen Ruhr am 21. Oktober\" width=\"300\" height=\"157\" srcset=\"https:\/\/kreativkraftpreis.de\/wordpress\/wp-content\/uploads\/2015\/12\/Facebook_Event_Titelbild_Kreativkraftpreis-Verleihung_V04-300x157.jpg 300w, https:\/\/kreativkraftpreis.de\/wordpress\/wp-content\/uploads\/2015\/12\/Facebook_Event_Titelbild_Kreativkraftpreis-Verleihung_V04-768x403.jpg 768w, https:\/\/kreativkraftpreis.de\/wordpress\/wp-content\/uploads\/2015\/12\/Facebook_Event_Titelbild_Kreativkraftpreis-Verleihung_V04-1024x537.jpg 1024w, https:\/\/kreativkraftpreis.de\/wordpress\/wp-content\/uploads\/2015\/12\/Facebook_Event_Titelbild_Kreativkraftpreis-Verleihung_V04.jpg 1852w\" sizes=\"auto, (max-width: 300px) 100vw, 300px\" \/><\/a><\/p>\n<h3><strong>KREATIVKRAFTPREIS 2017<\/strong><br \/>\nVerleihung am 21. Oktober 2017 im Ringlokschuppen Ruhr.<\/h3>\n<p><span class=\"_4n-j _3cht fsl\" data-testid=\"event-permalink-details\">Die Preisverleihung fand wie schon 2013 im M\u00fclheimer Ringlokschuppen Ruhr statt, wo die Gewinner der acht Troph\u00e4en in der gro\u00dfen Abschlussveranstaltung am 21. Oktober 2017 bekannt gegeben und geehrt wurden. Der KREATIVKRAFTPREIS ist undotiert und wird von einer frei gew\u00e4hlten Jury, bestehend aus M\u00fclheimer B\u00fcrgerInnen vergeben.<\/span><\/p>\n<p>Liveacts beim <strong>KREATIVKRAFTPREIS 2017<\/strong>: Sondaschule, Adriano BaTolba, The Rude Reminders, PinkePank, Peter Leitzen, Richtungsding, Bud MH, Denis Schmitz und The Sworms.<\/p>\n<p>_____________________________________________________________________________________________________<\/p>\n<p>Die erste Verleihung des <strong>KREATIVKRAFTPREIS<\/strong> 2013 fand am 22. Juni 2013 ebenfalls im Ringlokschuppen in M\u00fclheim an der Ruhr statt. Die Kategorien, Nominierten und Gewinner waren:<\/p>\n<p><strong>K1: Soziokulturelles, Bildung, Sport und Schulleistung Forschung, Klimaschutz, Green Energy<\/strong><\/p>\n<p>Alte Dreherei;\u00a0B\u00e4rbel Essers mit Projekt &#8222;Erinnernswert &#8211; Spuren der M\u00fclheimer Stadtgeschichte&#8220;; Kreishandwerkerschaft &#8211; AG &#8222;Sch\u00fcler-Energieberater&#8220;; Die Lila Feen, Netzwerk Saarn, Die Rembergschule; THW; Waldschule; Y.A.E. &#8211; Young Art Experts<\/p>\n<p><strong>Gewinner:\u00a0Peter Kalde (Rembergschule)<\/strong><\/p>\n<p>&#8212;<\/p>\n<p><strong>K2: Event- und Unterhaltungsbranche, Spiele, Film, Musik, Theater<\/strong><\/p>\n<p>Maximilian Bischoff &amp; Rock\u00b4n Ruhr; Peter E. Eisold &amp; Michael Dawid; Eva Kurowski; Reglerproduktion E.V.; Schauspielstudio Ruhr; M\u00fclheimer Shanty Chor; Shiny Toys &#8211; Jerome Kr\u00fcger und Jan Ehlen; Ren\u00e9 Steinberg<\/p>\n<p><strong>Gewinner:\u00a0Maximilian Bischoff &amp; Rock n&#8216; Ruhr<\/strong><\/p>\n<p>&#8212;<\/p>\n<p><strong>K3: Industrie, Produkt, Marke, Konsum und Handwerk<\/strong><\/p>\n<p>Loewenart &#8211; Leonie Sch\u00fclke; Manual-Art &#8211; Martina Gollnick; M\u00f6lmsch &#8211; Jonas Wanke und Alexander Lange; Jutta Raithel \u00f6kologische Wohnraumgestaltung und Schreinerarbeiten; Ruhrpottlocals; Michael Sch\u00f6n &#8211; Schichtlicht; Die Stadtrandperlen; U.T.A. Uta Siemers; Zirkeltraining Bernd D\u00f6rr<\/p>\n<p><strong>Gewinner:\u00a0Jonas Wanke &amp; Alexander Lange (M\u00f6lmsch)<\/strong><\/p>\n<p>&#8212;<\/p>\n<p><strong>K4: Handel und Gastronomie, Genuss und Ern\u00e4hrung<\/strong><\/p>\n<p>Asia-China Restaurant; Biohof Felchner; Bistro 3.6.9.; Chocolate Dreams; Curry-Art; Fleischerei Jakob; Kais Restaurant; Leckerbissen &#8211; Veganes Restaurant; Restaurant Medici; Mocca Nova; Perfetto; Der Zigarrenzirkel<\/p>\n<p><strong>Gewinner:\u00a0Caf\u00e9 Perfetto<\/strong><\/p>\n<p>&#8212;<\/p>\n<p><strong>K5: \u00d6ffentlichkeitsarbeit, Kultur, Architektur, Garten- und Landschaftsbau, St\u00e4dteplanung<\/strong><\/p>\n<p>Gunna\u00a0Blanck &#8211; Glockenturm Theodor Flieder Stiftung; Detlef Riek &#8211; Aussergew\u00f6hnliche Architektur; Daniela St\u00e4dter &#8211; Ausserordentliches Engagement f\u00fcr MH-Kreative; Katrin Witzel &#8211; Engagement Realisation Wertstadt<\/p>\n<p><strong>Gewinner:\u00a0Daniela St\u00e4dter<\/strong><\/p>\n<p>&#8212;<\/p>\n<p><strong>K6: Kunst und Kreativschaffende<\/strong><\/p>\n<p>K\u00fcnstlergruppe AnDer; Dennis Broszat; Hendrik Dorgathen; Lubo Laco<\/p>\n<p><strong>Gewinner:\u00a0Hendrik Dorgathen<\/strong><\/p>\n<p>&#8212;<\/p>\n<p><strong>K7: Au\u00dferordentliche Pers\u00f6nlichkeiten, deren Sinn- und Lebenswerk<\/strong><\/p>\n<p>Werner Bungert (Gr\u00fcnder Schlitzohrenclub); Ehepaar Grave (Entwicklung Gamesfaktory); Der Wunschmann &#8211; Thomas K\u00f6ppe; Susanne Findorff (Naturgarten e.V.); Kerstin Gr\u00fcndel; Gijs Burger; Helge Schneider; Roberto Ciulli<\/p>\n<p><strong>Gewinner: Ehepaar Grave<em>\u00a0<\/em><\/strong><\/p>\n<p>&nbsp;<\/p>\n<div id=\"attachment_101\" style=\"width: 310px\" class=\"wp-caption alignnone\"><a href=\"http:\/\/kreativkraftpreis.de\/wordpress\/wp-content\/uploads\/2015\/12\/SG130622620_k.jpg\" rel=\"attachment wp-att-101\"><img loading=\"lazy\" decoding=\"async\" aria-describedby=\"caption-attachment-101\" class=\"size-medium wp-image-101\" src=\"http:\/\/kreativkraftpreis.de\/wordpress\/wp-content\/uploads\/2015\/12\/SG130622620_k-300x200.jpg\" alt=\"Verleihung des KREATIVKRAFTPREIS 2013 am 22.06.13 im Ringlokschuppen in M\u00fclheim an der Ruhr Foto: Stephan Glagla \/ SGP\" width=\"300\" height=\"200\" srcset=\"https:\/\/kreativkraftpreis.de\/wordpress\/wp-content\/uploads\/2015\/12\/SG130622620_k-300x200.jpg 300w, https:\/\/kreativkraftpreis.de\/wordpress\/wp-content\/uploads\/2015\/12\/SG130622620_k-768x512.jpg 768w, https:\/\/kreativkraftpreis.de\/wordpress\/wp-content\/uploads\/2015\/12\/SG130622620_k-1024x683.jpg 1024w, https:\/\/kreativkraftpreis.de\/wordpress\/wp-content\/uploads\/2015\/12\/SG130622620_k.jpg 1200w\" sizes=\"auto, (max-width: 300px) 100vw, 300px\" \/><\/a><p id=\"caption-attachment-101\" class=\"wp-caption-text\">KREATIVKRAFTPREIS 2013 am 22.06.13 im Ringlokschuppen in M\u00fclheim an der Ruhr<br \/>Foto: Stephan Glagla \/ SGP<\/p><\/div>\n","protected":false},"excerpt":{"rendered":"<p>KREATIVKRAFTPREIS 2017 Verleihung am 21. Oktober 2017 im Ringlokschuppen Ruhr. Die Preisverleihung fand wie schon 2013 im M\u00fclheimer Ringlokschuppen Ruhr statt, wo die Gewinner der acht Troph\u00e4en in der gro\u00dfen Abschlussveranstaltung am 21. Oktober 2017 bekannt gegeben und geehrt wurden. Der KREATIVKRAFTPREIS ist undotiert und wird von einer frei gew\u00e4hlten Jury, bestehend aus M\u00fclheimer B\u00fcrgerInnen [&hellip;]<\/p>\n","protected":false},"author":1,"featured_media":0,"parent":0,"menu_order":14,"comment_status":"closed","ping_status":"closed","template":"page-full-width.php","meta":{"footnotes":""},"class_list":["post-12","page","type-page","status-publish","hentry"],"_links":{"self":[{"href":"https:\/\/kreativkraftpreis.de\/wordpress\/wp-json\/wp\/v2\/pages\/12","targetHints":{"allow":["GET"]}}],"collection":[{"href":"https:\/\/kreativkraftpreis.de\/wordpress\/wp-json\/wp\/v2\/pages"}],"about":[{"href":"https:\/\/kreativkraftpreis.de\/wordpress\/wp-json\/wp\/v2\/types\/page"}],"author":[{"embeddable":true,"href":"https:\/\/kreativkraftpreis.de\/wordpress\/wp-json\/wp\/v2\/users\/1"}],"replies":[{"embeddable":true,"href":"https:\/\/kreativkraftpreis.de\/wordpress\/wp-json\/wp\/v2\/comments?post=12"}],"version-history":[{"count":27,"href":"https:\/\/kreativkraftpreis.de\/wordpress\/wp-json\/wp\/v2\/pages\/12\/revisions"}],"predecessor-version":[{"id":369,"href":"https:\/\/kreativkraftpreis.de\/wordpress\/wp-json\/wp\/v2\/pages\/12\/revisions\/369"}],"wp:attachment":[{"href":"https:\/\/kreativkraftpreis.de\/wordpress\/wp-json\/wp\/v2\/media?parent=12"}],"curies":[{"name":"wp","href":"https:\/\/api.w.org\/{rel}","templated":true}]}}